{"id":76,"date":"2020-08-22T16:41:17","date_gmt":"2020-08-22T16:41:17","guid":{"rendered":"https:\/\/sensationaltheme.com\/kiducation-pro\/?page_id=76"},"modified":"2022-09-19T03:44:48","modified_gmt":"2022-09-19T03:44:48","slug":"slime-home","status":"publish","type":"page","link":"https:\/\/kidscampplus.com\/index.php\/slime-home\/","title":{"rendered":"Slime"},"content":{"rendered":"\n<p>B\u00e9 y\u00eau s\u1ebd \u0111\u01b0\u1ee3c c\u00e1c c\u00f4 ch\u00fa nh\u00e2n vi\u00ean h\u01b0\u1edbng d\u1eabn l\u00e0m Slime v\u00e0 vui ch\u01a1i th\u1ecfa th\u00edch. Nguy\u00ean li\u1ec7u l\u00e0m ra Slime \u0111\u01b0\u1ee3c MUNCH nh\u1eadp kh\u1ea9u tr\u1ef1c ti\u1ebfp t\u1eeb H\u00e0n Qu\u1ed1c, v\u00e0 c\u00f3 ch\u1ee9ng nh\u1eadn an to\u00e0n cho s\u1ee9c kh\u1ecfe c\u1ee7a tr\u1ebb. Ch\u00ednh v\u00ec v\u1eady, qu\u00fd ph\u1ee5 huynh c\u00f3 th\u1ec3 ho\u00e0n to\u00e0n an t\u00e2m v\u1ec1 ch\u1ea5t l\u01b0\u1ee3ng s\u1ea3n ph\u1ea9m t\u1ea1i MUNCH DIY. Khi l\u00e0m Slime, b\u00e9 c\u00f3 th\u1ec3 t\u00f9y ch\u1ecdn m\u00e0u s\u1eafc v\u00e0 m\u00f9i h\u01b0\u01a1ng m\u00ecnh y\u00eau th\u00edch. <\/p>\n\n\n\n<p>Ngo\u00e0i ra, b\u00e9 c\u00f2n c\u00f3 th\u1ec3 tho\u1ea3i m\u00e1i l\u1ef1a ch\u1ecdn b\u1ea5t k\u1ef3 lo\u1ea1i topping n\u00e0o b\u00e9 th\u00edch gi\u1eefa h\u00e0ng tr\u0103m lo\u1ea1i topping c\u00f3 s\u1eb5n t\u1ea1i c\u1eeda h\u00e0ng \u0111\u1ec3 b\u1ecf v\u00e0o slime ch\u01a1i, gi\u00fap h\u1ed9p Slime c\u1ee7a b\u00e9 tr\u1edf n\u00ean h\u1ea5p d\u1eabn v\u00e0 th\u00fa v\u1ecb h\u01a1n. \u0110\u1eb7c bi\u1ec7t, sau khi ch\u01a1i th\u1ecfa th\u00edch \u1edf c\u1eeda h\u00e0ng th\u00ec b\u00e9 \u0111\u01b0\u1ee3c b\u1ecf h\u1ed9p mang v\u1ec1 nh\u00e0 ch\u01a1i ti\u1ebfp n\u00e8! <\/p>\n\n\n\n<p>Ph\u1ee5 huynh c\u0169ng nh\u01b0 b\u00e9 y\u00eau c\u00f3 th\u1ec3 nh\u1edd c\u00f4 ch\u00fa nh\u00e2n vi\u00ean t\u01b0 v\u1ea5n c\u00e1ch b\u1ea3o qu\u1ea3n t\u1ea1i nh\u00e0 \u0111\u1ec3 Slime c\u1ee7a m\u00ecnh c\u00f3 \u0111\u1ed9 b\u1ec1n t\u1ed1t h\u01a1n nh\u00e9, v\u00ec \u0111\u00e2y l\u00e0 s\u1ea3n ph\u1ea9m kh\u00f4ng c\u00f3 ch\u1ea5t b\u1ea3o qu\u1ea3n n\u00ean s\u1ebd d\u1ec5 h\u01b0 h\u01a1n nh\u1eefng s\u1ea3n ph\u1ea9m c\u00f4ng nghi\u1ec7p kh\u00e1c \u0111\u1ea5y \u1ea1! <\/p>\n\n\n\n<p><\/p>\n","protected":false},"excerpt":{"rendered":"<p>B\u00e9 y\u00eau s\u1ebd \u0111\u01b0\u1ee3c c\u00e1c c\u00f4 ch\u00fa nh\u00e2n vi\u00ean h\u01b0\u1edbng d\u1eabn l\u00e0m Slime v\u00e0 vui ch\u01a1i th\u1ecfa th\u00edch. Nguy\u00ean li\u1ec7u l\u00e0m ra Slime \u0111\u01b0\u1ee3c MUNCH nh\u1eadp kh\u1ea9u tr\u1ef1c ti\u1ebfp t\u1eeb H\u00e0n Qu\u1ed1c, v\u00e0 c\u00f3 ch\u1ee9ng nh\u1eadn an to\u00e0n cho s\u1ee9c [&hellip;]<\/p>\n","protected":false},"author":1,"featured_media":305,"parent":0,"menu_order":0,"comment_status":"closed","ping_status":"closed","template":"","meta":{"_mi_skip_tracking":false,"footnotes":""},"class_list":["post-76","page","type-page","status-publish","has-post-thumbnail","hentry"],"aioseo_notices":[],"_links":{"self":[{"href":"https:\/\/kidscampplus.com\/index.php\/wp-json\/wp\/v2\/pages\/76","targetHints":{"allow":["GET"]}}],"collection":[{"href":"https:\/\/kidscampplus.com\/index.php\/wp-json\/wp\/v2\/pages"}],"about":[{"href":"https:\/\/kidscampplus.com\/index.php\/wp-json\/wp\/v2\/types\/page"}],"author":[{"embeddable":true,"href":"https:\/\/kidscampplus.com\/index.php\/wp-json\/wp\/v2\/users\/1"}],"replies":[{"embeddable":true,"href":"https:\/\/kidscampplus.com\/index.php\/wp-json\/wp\/v2\/comments?post=76"}],"version-history":[{"count":1,"href":"https:\/\/kidscampplus.com\/index.php\/wp-json\/wp\/v2\/pages\/76\/revisions"}],"predecessor-version":[{"id":304,"href":"https:\/\/kidscampplus.com\/index.php\/wp-json\/wp\/v2\/pages\/76\/revisions\/304"}],"wp:featuredmedia":[{"embeddable":true,"href":"https:\/\/kidscampplus.com\/index.php\/wp-json\/wp\/v2\/media\/305"}],"wp:attachment":[{"href":"https:\/\/kidscampplus.com\/index.php\/wp-json\/wp\/v2\/media?parent=76"}],"curies":[{"name":"wp","href":"https:\/\/api.w.org\/{rel}","templated":true}]}}