{"id":109,"date":"2020-08-22T18:18:40","date_gmt":"2020-08-22T18:18:40","guid":{"rendered":"https:\/\/sensationaltheme.com\/kiducation-pro\/?post_type=product&#038;p=109"},"modified":"2022-10-07T07:53:03","modified_gmt":"2022-10-07T07:53:03","slug":"korea-slime","status":"publish","type":"product","link":"https:\/\/kidscampplus.com\/index.php\/product\/korea-slime\/","title":{"rendered":"Korea Slime"},"content":{"rendered":"<p>B\u1ed9 kit cho b\u00e9 t\u1ef1 l\u00e0m Slime H\u00e0n Qu\u1ed1c d\u01b0\u1edbi s\u1ef1 h\u01b0\u1edbng d\u1eabn c\u1ee7a c\u00f4 ch\u00fa nh\u00e2n vi\u00ean t\u1ea1i Kids Camp Plus.<\/p>\n<p>V\u1edbi b\u1ed9 Kit l\u00e0m Slime trong su\u1ed1t b\u00e9 s\u1ebd \u0111\u01b0\u1ee3c t\u00f9y ch\u1ecdn m\u00e0u s\u1eafc c\u0169ng nh\u01b0 m\u00f9i h\u01b0\u01a1ng m\u00e0 em y\u00eau th\u00edch.<\/p>\n<p>Nguy\u00ean li\u1ec7u l\u00e0m Slime MUNCH DIY \u0111\u01b0\u1ee3c nh\u1eadp kh\u1ea9u tr\u1ef1c ti\u1ebfp t\u1eeb H\u00e0n Qu\u1ed1c c\u00f3 \u0111\u1ea7y \u0111\u1ee7 ch\u1ee9ng nh\u1eadn an to\u00e0n cho tr\u1ebb khi ch\u01a1i \u0111\u1ea5y b\u1ed1 m\u1eb9 \u1ea1!<\/p>\n<p>T\u1ea1i \u0111\u00e2y b\u00e9 kh\u00f4ng ch\u1ec9 \u0111\u01b0\u1ee3c ch\u01a1i Slime, m\u00e0 b\u00e9 c\u00f2n \u0111\u01b0\u1ee3c t\u1ef1 tay l\u00e0m ra h\u1ed9p Slime theo \u00fd m\u00ecnh c\u1ef1c k\u1ef3 th\u00fa v\u1ecb. Sau khi ch\u01a1i th\u1ecfa th\u00edch b\u00e9 v\u1eabn c\u00f3 th\u1ec3 b\u1ecf v\u00e0o t\u00fai mang v\u1ec1 nh\u00e0 ch\u01a1i ti\u1ebfp trong th\u1eddi gian d\u00e0i nh\u00e9!<\/p>\n<p>L\u01b0u \u00fd: V\u00ec \u0111\u00e2y l\u00e0 s\u1ea3n ph\u1ea9m t\u1ef1 l\u00e0m an to\u00e0n v\u1edbi tr\u1ebb em, kh\u00f4ng c\u00f3 ch\u1ea5t b\u1ea3o qu\u1ea3n, n\u00ean \u0111\u1ec3 gi\u1eef cho s\u1ea3n ph\u1ea9m ch\u01a1i \u0111\u01b0\u1ee3c l\u00e2u b\u1ec1n h\u01a1n, b\u1ed1 m\u1eb9 vui l\u00f2ng b\u1ecf h\u1ed9p Slime c\u1ee7a b\u00e9 v\u00e0o ng\u0103n m\u00e1t t\u1ee7 l\u1ea1nh s\u1ebd gi\u00fap h\u1ed9p Slime MUNCH DIY H\u00e0n Qu\u1ed1c c\u1ee7a b\u00e9 c\u00f3 th\u1ec3 ch\u01a1i \u0111\u1ebfn v\u00e0i tu\u1ea7n hay c\u1ea3 th\u00e1ng \u0111\u1ea5y \u1ea1!<\/p>\n<p>B\u1ed1 m\u1eb9 v\u00e0 c\u00e1c b\u00e9 c\u00f3 th\u1ec3 tham kh\u1ea3o th\u00eam h\u00ecnh \u1ea3nh tr\u1ea3i nghi\u1ec7m l\u00e0m Slime MUNCH DIY t\u1ea1i khu vui ch\u01a1i tr\u1ebb em cao c\u1ea5p H\u00e0n Qu\u1ed1c Kids Camp Plus nh\u00e9!<\/p>\n","protected":false},"excerpt":{"rendered":"<p>B\u1ed9 kit cho b\u00e9 t\u1ef1 l\u00e0m Slime H\u00e0n Qu\u1ed1c, V\u1edbi b\u1ed9 Kit l\u00e0m Slime trong su\u1ed1t b\u00e9 s\u1ebd \u0111\u01b0\u1ee3c t\u00f9y ch\u1ecdn m\u00e0u s\u1eafc c\u0169ng nh\u01b0 m\u00f9i h\u01b0\u01a1ng m\u00e0 em y\u00eau th\u00edch.<\/p>\n","protected":false},"featured_media":453,"comment_status":"open","ping_status":"closed","template":"","meta":{"_mi_skip_tracking":false},"product_cat":[44,46],"product_tag":[],"class_list":["post-109","product","type-product","status-publish","has-post-thumbnail","hentry","product_cat-munch-diy","product_cat-slime"],"aioseo_notices":[],"_links":{"self":[{"href":"https:\/\/kidscampplus.com\/index.php\/wp-json\/wp\/v2\/product\/109","targetHints":{"allow":["GET"]}}],"collection":[{"href":"https:\/\/kidscampplus.com\/index.php\/wp-json\/wp\/v2\/product"}],"about":[{"href":"https:\/\/kidscampplus.com\/index.php\/wp-json\/wp\/v2\/types\/product"}],"replies":[{"embeddable":true,"href":"https:\/\/kidscampplus.com\/index.php\/wp-json\/wp\/v2\/comments?post=109"}],"wp:featuredmedia":[{"embeddable":true,"href":"https:\/\/kidscampplus.com\/index.php\/wp-json\/wp\/v2\/media\/453"}],"wp:attachment":[{"href":"https:\/\/kidscampplus.com\/index.php\/wp-json\/wp\/v2\/media?parent=109"}],"wp:term":[{"taxonomy":"product_cat","embeddable":true,"href":"https:\/\/kidscampplus.com\/index.php\/wp-json\/wp\/v2\/product_cat?post=109"},{"taxonomy":"product_tag","embeddable":true,"href":"https:\/\/kidscampplus.com\/index.php\/wp-json\/wp\/v2\/product_tag?post=109"}],"curies":[{"name":"wp","href":"https:\/\/api.w.org\/{rel}","templated":true}]}}